{"id":2,"date":"2016-06-15T23:54:19","date_gmt":"2016-06-15T20:54:19","guid":{"rendered":"https:\/\/www.artcar.ee\/?page_id=2"},"modified":"2026-03-13T12:44:36","modified_gmt":"2026-03-13T10:44:36","slug":"demoleht","status":"publish","type":"page","link":"https:\/\/www.artcar.ee\/en\/demoleht\/","title":{"rendered":"Firmast"},"content":{"rendered":"<div class=\"et_pb_section_0 et_pb_section et_section_regular et_flex_section\"><div class=\"et_pb_row_0 et_pb_row et_flex_row\"><div class=\"et_pb_column_0 et_pb_column et-last-child et_flex_column et_pb_css_mix_blend_mode_passthrough et_flex_column_24_24 et_flex_column_24_24_tablet et_flex_column_24_24_phone\"><div class=\"et_pb_text_0 et_pb_text et_pb_bg_layout_light et_pb_module et_flex_module\"><div class=\"et_pb_text_inner\"><p>Artcar O\u00dc p\u00f5hitegevusala on s\u00f5iduautode ja kaubikute import L\u00e4\u00e4ne-Euroopa riikidest, peamiselt Rootsist. K\u00f5ige olulisem kriteerium m\u00fc\u00fcdavate s\u00f5idukite valikul on kindel ajalugu ja \u00f5ige l\u00e4bis\u00f5it. T\u00e4nu hoolega valitud koost\u00f6\u00f6partneritele, kelleks on liisingfirmad, autoesindused ja suurimad Euroopa autom\u00fc\u00fcjad, suudame pakkuda alati kvaliteetseid s\u00f5idukeid. Lisaks Eestis kohapeal pakutavale valikule on v\u00f5imalik tellida s\u00f5idukeid k\u00f5ikidest Euroopa suurematest autom\u00fc\u00fcgiportaalidest v\u00f5i otsida just Teile sobiv s\u00f5iduk k\u00fcmnete tuhandete v\u00e4hekasutatud liisingautode hulgast, mis ei ole avalikus pakkumises.<\/p>\n<\/div><\/div><\/div><\/div><\/div>","protected":false},"excerpt":{"rendered":"","protected":false},"author":1,"featured_media":0,"parent":0,"menu_order":0,"comment_status":"closed","ping_status":"open","template":"","meta":{"footnotes":""},"class_list":["post-2","page","type-page","status-publish","hentry"],"yoast_head":"<!-- This site is optimized with the Yoast SEO plugin v27.2 - https:\/\/yoast.com\/product\/yoast-seo-wordpress\/ -->\n<title>Firmast - AUTODE TELLIMINE JAAPANIST<\/title>\n<meta name=\"robots\" content=\"index, follow, max-snippet:-1, max-image-preview:large, max-video-preview:-1\" \/>\n<link rel=\"canonical\" href=\"https:\/\/www.artcar.ee\/en\/demoleht\/\" \/>\n<meta property=\"og:locale\" content=\"en_GB\" \/>\n<meta property=\"og:type\" content=\"article\" \/>\n<meta property=\"og:title\" content=\"Firmast - AUTODE TELLIMINE JAAPANIST\" \/>\n<meta property=\"og:url\" content=\"https:\/\/www.artcar.ee\/en\/demoleht\/\" \/>\n<meta property=\"og:site_name\" content=\"AUTODE TELLIMINE JAAPANIST\" \/>\n<meta property=\"article:publisher\" content=\"https:\/\/www.facebook.com\/artcarestonia\" \/>\n<meta property=\"article:modified_time\" content=\"2026-03-13T10:44:36+00:00\" \/>\n<meta name=\"twitter:card\" content=\"summary_large_image\" \/>\n<script type=\"application\/ld+json\" class=\"yoast-schema-graph\">{\"@context\":\"https:\/\/schema.org\",\"@graph\":[{\"@type\":\"WebPage\",\"@id\":\"https:\/\/www.artcar.ee\/demoleht\/\",\"url\":\"https:\/\/www.artcar.ee\/demoleht\/\",\"name\":\"Firmast - AUTODE TELLIMINE JAAPANIST\",\"isPartOf\":{\"@id\":\"https:\/\/www.artcar.ee\/#website\"},\"datePublished\":\"2016-06-15T20:54:19+00:00\",\"dateModified\":\"2026-03-13T10:44:36+00:00\",\"breadcrumb\":{\"@id\":\"https:\/\/www.artcar.ee\/demoleht\/#breadcrumb\"},\"inLanguage\":\"en-GB\",\"potentialAction\":[{\"@type\":\"ReadAction\",\"target\":[\"https:\/\/www.artcar.ee\/demoleht\/\"]}]},{\"@type\":\"BreadcrumbList\",\"@id\":\"https:\/\/www.artcar.ee\/demoleht\/#breadcrumb\",\"itemListElement\":[{\"@type\":\"ListItem\",\"position\":1,\"name\":\"Home\",\"item\":\"https:\/\/www.artcar.ee\/\"},{\"@type\":\"ListItem\",\"position\":2,\"name\":\"Firmast\"}]},{\"@type\":\"WebSite\",\"@id\":\"https:\/\/www.artcar.ee\/#website\",\"url\":\"https:\/\/www.artcar.ee\/\",\"name\":\"www.artcar.ee\",\"description\":\"Telli oma unistuste auto mugavalt ja murevabalt Jaapanist\",\"publisher\":{\"@id\":\"https:\/\/www.artcar.ee\/#organization\"},\"potentialAction\":[{\"@type\":\"SearchAction\",\"target\":{\"@type\":\"EntryPoint\",\"urlTemplate\":\"https:\/\/www.artcar.ee\/?s={search_term_string}\"},\"query-input\":{\"@type\":\"PropertyValueSpecification\",\"valueRequired\":true,\"valueName\":\"search_term_string\"}}],\"inLanguage\":\"en-GB\"},{\"@type\":\"Organization\",\"@id\":\"https:\/\/www.artcar.ee\/#organization\",\"name\":\"Art Car O\u00dc\",\"url\":\"https:\/\/www.artcar.ee\/\",\"logo\":{\"@type\":\"ImageObject\",\"inLanguage\":\"en-GB\",\"@id\":\"https:\/\/www.artcar.ee\/#\/schema\/logo\/image\/\",\"url\":\"https:\/\/www.artcar.ee\/wp-content\/uploads\/2020\/05\/cropped-onlinelogomaker-053020-1241-0930-2000-transparent-1.png\",\"contentUrl\":\"https:\/\/www.artcar.ee\/wp-content\/uploads\/2020\/05\/cropped-onlinelogomaker-053020-1241-0930-2000-transparent-1.png\",\"width\":755,\"height\":106,\"caption\":\"Art Car O\u00dc\"},\"image\":{\"@id\":\"https:\/\/www.artcar.ee\/#\/schema\/logo\/image\/\"},\"sameAs\":[\"https:\/\/www.facebook.com\/artcarestonia\",\"https:\/\/www.instagram.com\/artcarestonia\"]}]}<\/script>\n<!-- \/ Yoast SEO plugin. -->","yoast_head_json":{"title":"Firmast - AUTODE TELLIMINE JAAPANIST","robots":{"index":"index","follow":"follow","max-snippet":"max-snippet:-1","max-image-preview":"max-image-preview:large","max-video-preview":"max-video-preview:-1"},"canonical":"https:\/\/www.artcar.ee\/en\/demoleht\/","og_locale":"en_GB","og_type":"article","og_title":"Firmast - AUTODE TELLIMINE JAAPANIST","og_url":"https:\/\/www.artcar.ee\/en\/demoleht\/","og_site_name":"AUTODE TELLIMINE JAAPANIST","article_publisher":"https:\/\/www.facebook.com\/artcarestonia","article_modified_time":"2026-03-13T10:44:36+00:00","twitter_card":"summary_large_image","schema":{"@context":"https:\/\/schema.org","@graph":[{"@type":"WebPage","@id":"https:\/\/www.artcar.ee\/demoleht\/","url":"https:\/\/www.artcar.ee\/demoleht\/","name":"Firmast - AUTODE TELLIMINE JAAPANIST","isPartOf":{"@id":"https:\/\/www.artcar.ee\/#website"},"datePublished":"2016-06-15T20:54:19+00:00","dateModified":"2026-03-13T10:44:36+00:00","breadcrumb":{"@id":"https:\/\/www.artcar.ee\/demoleht\/#breadcrumb"},"inLanguage":"en-GB","potentialAction":[{"@type":"ReadAction","target":["https:\/\/www.artcar.ee\/demoleht\/"]}]},{"@type":"BreadcrumbList","@id":"https:\/\/www.artcar.ee\/demoleht\/#breadcrumb","itemListElement":[{"@type":"ListItem","position":1,"name":"Home","item":"https:\/\/www.artcar.ee\/"},{"@type":"ListItem","position":2,"name":"Firmast"}]},{"@type":"WebSite","@id":"https:\/\/www.artcar.ee\/#website","url":"https:\/\/www.artcar.ee\/","name":"www.artcar.ee","description":"Telli oma unistuste auto mugavalt ja murevabalt Jaapanist","publisher":{"@id":"https:\/\/www.artcar.ee\/#organization"},"potentialAction":[{"@type":"SearchAction","target":{"@type":"EntryPoint","urlTemplate":"https:\/\/www.artcar.ee\/?s={search_term_string}"},"query-input":{"@type":"PropertyValueSpecification","valueRequired":true,"valueName":"search_term_string"}}],"inLanguage":"en-GB"},{"@type":"Organization","@id":"https:\/\/www.artcar.ee\/#organization","name":"Art Car O\u00dc","url":"https:\/\/www.artcar.ee\/","logo":{"@type":"ImageObject","inLanguage":"en-GB","@id":"https:\/\/www.artcar.ee\/#\/schema\/logo\/image\/","url":"https:\/\/www.artcar.ee\/wp-content\/uploads\/2020\/05\/cropped-onlinelogomaker-053020-1241-0930-2000-transparent-1.png","contentUrl":"https:\/\/www.artcar.ee\/wp-content\/uploads\/2020\/05\/cropped-onlinelogomaker-053020-1241-0930-2000-transparent-1.png","width":755,"height":106,"caption":"Art Car O\u00dc"},"image":{"@id":"https:\/\/www.artcar.ee\/#\/schema\/logo\/image\/"},"sameAs":["https:\/\/www.facebook.com\/artcarestonia","https:\/\/www.instagram.com\/artcarestonia"]}]}},"jetpack_sharing_enabled":true,"_links":{"self":[{"href":"https:\/\/www.artcar.ee\/en\/wp-json\/wp\/v2\/pages\/2","targetHints":{"allow":["GET"]}}],"collection":[{"href":"https:\/\/www.artcar.ee\/en\/wp-json\/wp\/v2\/pages"}],"about":[{"href":"https:\/\/www.artcar.ee\/en\/wp-json\/wp\/v2\/types\/page"}],"author":[{"embeddable":true,"href":"https:\/\/www.artcar.ee\/en\/wp-json\/wp\/v2\/users\/1"}],"replies":[{"embeddable":true,"href":"https:\/\/www.artcar.ee\/en\/wp-json\/wp\/v2\/comments?post=2"}],"version-history":[{"count":10,"href":"https:\/\/www.artcar.ee\/en\/wp-json\/wp\/v2\/pages\/2\/revisions"}],"predecessor-version":[{"id":2790,"href":"https:\/\/www.artcar.ee\/en\/wp-json\/wp\/v2\/pages\/2\/revisions\/2790"}],"wp:attachment":[{"href":"https:\/\/www.artcar.ee\/en\/wp-json\/wp\/v2\/media?parent=2"}],"curies":[{"name":"wp","href":"https:\/\/api.w.org\/{rel}","templated":true}]}}